{"id":120,"date":"2019-10-21T10:20:53","date_gmt":"2019-10-21T08:20:53","guid":{"rendered":"https:\/\/www.librerosdecastillayleon.es\/?page_id=120"},"modified":"2022-08-29T13:44:28","modified_gmt":"2022-08-29T11:44:28","slug":"promocion","status":"publish","type":"page","link":"https:\/\/www.librerosdecastillayleon.es\/index.php\/promocion\/","title":{"rendered":"Promoci\u00f3n"},"content":{"rendered":"<p><div class=\"fusion-fullwidth fullwidth-box fusion-builder-row-1 nonhundred-percent-fullwidth non-hundred-percent-height-scrolling\" style=\"--awb-border-radius-top-left:0px;--awb-border-radius-top-right:0px;--awb-border-radius-bottom-right:0px;--awb-border-radius-bottom-left:0px;--awb-flex-wrap:wrap;\" ><div class=\"fusion-builder-row fusion-row\"><div class=\"fusion-layout-column fusion_builder_column fusion-builder-column-0 fusion_builder_column_1_2 1_2 fusion-one-half fusion-column-first\" style=\"--awb-bg-size:cover;width:50%;width:calc(50% - ( ( 4% ) * 0.5 ) );margin-right: 4%;\"><div class=\"fusion-column-wrapper fusion-column-has-shadow fusion-flex-column-wrapper-legacy\"><div class=\"fusion-image-carousel fusion-image-carousel-auto fusion-image-carousel-1 fusion-carousel-border\"><div class=\"awb-carousel awb-swiper awb-swiper-carousel awb-carousel--carousel awb-swiper-dots-position-bottom\" data-layout=\"carousel\" data-autoplay=\"yes\" data-autoplayspeed=\"2500\" data-autoplaypause=\"no\" data-loop=\"yes\" data-columns=\"1\" data-columnsmedium=\"1\" data-columnssmall=\"1\" data-itemmargin=\"13\" data-itemwidth=\"180\" data-touchscroll=\"no\" data-freemode=\"no\" data-imagesize=\"auto\" data-scrollitems=\"0\" data-centeredslides=\"no\" data-rotationangle=\"50\" data-depth=\"100\" data-speed=\"500\" data-shadow=\"no\" data-pagination=\"bullets\" style=\"--awb-columns:1;--awb-border-width:1px;--awb-border-color:#e9eaee;\"><div class=\"swiper-wrapper awb-image-carousel-wrapper fusion-flex-align-items-center\"><div class=\"swiper-slide\"><div class=\"fusion-carousel-item-wrapper\"><div class=\"fusion-image-wrapper hover-type-none\"><img decoding=\"async\" width=\"900\" height=\"1200\" src=\"https:\/\/www.librerosdecastillayleon.es\/wp-content\/uploads\/IMG_20190618_104221.jpg\" class=\"attachment-full size-full\" alt=\"\" srcset=\"https:\/\/www.librerosdecastillayleon.es\/wp-content\/uploads\/IMG_20190618_104221-200x267.jpg 200w, https:\/\/www.librerosdecastillayleon.es\/wp-content\/uploads\/IMG_20190618_104221-225x300.jpg 225w, https:\/\/www.librerosdecastillayleon.es\/wp-content\/uploads\/IMG_20190618_104221-400x533.jpg 400w, https:\/\/www.librerosdecastillayleon.es\/wp-content\/uploads\/IMG_20190618_104221-600x800.jpg 600w, https:\/\/www.librerosdecastillayleon.es\/wp-content\/uploads\/IMG_20190618_104221-768x1024.jpg 768w, https:\/\/www.librerosdecastillayleon.es\/wp-content\/uploads\/IMG_20190618_104221-800x1067.jpg 800w, https:\/\/www.librerosdecastillayleon.es\/wp-content\/uploads\/IMG_20190618_104221.jpg 900w\" sizes=\"(max-width: 900px) 100vw, 900px\" \/><\/div><\/div><\/div><div class=\"swiper-slide\"><div class=\"fusion-carousel-item-wrapper\"><div class=\"fusion-image-wrapper hover-type-none\"><img decoding=\"async\" width=\"1200\" height=\"1600\" src=\"https:\/\/www.librerosdecastillayleon.es\/wp-content\/uploads\/WhatsApp-Image-2019-07-03-at-13.45.50.jpeg\" class=\"attachment-full size-full\" alt=\"\" srcset=\"https:\/\/www.librerosdecastillayleon.es\/wp-content\/uploads\/WhatsApp-Image-2019-07-03-at-13.45.50-200x267.jpeg 200w, https:\/\/www.librerosdecastillayleon.es\/wp-content\/uploads\/WhatsApp-Image-2019-07-03-at-13.45.50-225x300.jpeg 225w, https:\/\/www.librerosdecastillayleon.es\/wp-content\/uploads\/WhatsApp-Image-2019-07-03-at-13.45.50-400x533.jpeg 400w, https:\/\/www.librerosdecastillayleon.es\/wp-content\/uploads\/WhatsApp-Image-2019-07-03-at-13.45.50-600x800.jpeg 600w, https:\/\/www.librerosdecastillayleon.es\/wp-content\/uploads\/WhatsApp-Image-2019-07-03-at-13.45.50-768x1024.jpeg 768w, https:\/\/www.librerosdecastillayleon.es\/wp-content\/uploads\/WhatsApp-Image-2019-07-03-at-13.45.50-800x1067.jpeg 800w, https:\/\/www.librerosdecastillayleon.es\/wp-content\/uploads\/WhatsApp-Image-2019-07-03-at-13.45.50.jpeg 1200w\" sizes=\"(max-width: 1200px) 100vw, 1200px\" \/><\/div><\/div><\/div><div class=\"swiper-slide\"><div class=\"fusion-carousel-item-wrapper\"><div class=\"fusion-image-wrapper hover-type-none\"><img decoding=\"async\" width=\"900\" height=\"1200\" src=\"https:\/\/www.librerosdecastillayleon.es\/wp-content\/uploads\/WhatsApp-Image-2019-07-03-at-13.58.01-1.jpg\" class=\"attachment-full size-full\" alt=\"\" srcset=\"https:\/\/www.librerosdecastillayleon.es\/wp-content\/uploads\/WhatsApp-Image-2019-07-03-at-13.58.01-1-200x267.jpg 200w, https:\/\/www.librerosdecastillayleon.es\/wp-content\/uploads\/WhatsApp-Image-2019-07-03-at-13.58.01-1-225x300.jpg 225w, https:\/\/www.librerosdecastillayleon.es\/wp-content\/uploads\/WhatsApp-Image-2019-07-03-at-13.58.01-1-400x533.jpg 400w, https:\/\/www.librerosdecastillayleon.es\/wp-content\/uploads\/WhatsApp-Image-2019-07-03-at-13.58.01-1-600x800.jpg 600w, https:\/\/www.librerosdecastillayleon.es\/wp-content\/uploads\/WhatsApp-Image-2019-07-03-at-13.58.01-1-768x1024.jpg 768w, https:\/\/www.librerosdecastillayleon.es\/wp-content\/uploads\/WhatsApp-Image-2019-07-03-at-13.58.01-1-800x1067.jpg 800w, https:\/\/www.librerosdecastillayleon.es\/wp-content\/uploads\/WhatsApp-Image-2019-07-03-at-13.58.01-1.jpg 900w\" sizes=\"(max-width: 900px) 100vw, 900px\" \/><\/div><\/div><\/div><div class=\"swiper-slide\"><div class=\"fusion-carousel-item-wrapper\"><div class=\"fusion-image-wrapper hover-type-none\"><img decoding=\"async\" width=\"1600\" height=\"898\" src=\"https:\/\/www.librerosdecastillayleon.es\/wp-content\/uploads\/WhatsApp-Image-2019-07-25-at-10.59.34.jpeg\" class=\"attachment-full size-full\" alt=\"\" srcset=\"https:\/\/www.librerosdecastillayleon.es\/wp-content\/uploads\/WhatsApp-Image-2019-07-25-at-10.59.34-200x112.jpeg 200w, https:\/\/www.librerosdecastillayleon.es\/wp-content\/uploads\/WhatsApp-Image-2019-07-25-at-10.59.34-300x168.jpeg 300w, https:\/\/www.librerosdecastillayleon.es\/wp-content\/uploads\/WhatsApp-Image-2019-07-25-at-10.59.34-400x225.jpeg 400w, https:\/\/www.librerosdecastillayleon.es\/wp-content\/uploads\/WhatsApp-Image-2019-07-25-at-10.59.34-600x337.jpeg 600w, https:\/\/www.librerosdecastillayleon.es\/wp-content\/uploads\/WhatsApp-Image-2019-07-25-at-10.59.34-768x431.jpeg 768w, https:\/\/www.librerosdecastillayleon.es\/wp-content\/uploads\/WhatsApp-Image-2019-07-25-at-10.59.34-800x449.jpeg 800w, https:\/\/www.librerosdecastillayleon.es\/wp-content\/uploads\/WhatsApp-Image-2019-07-25-at-10.59.34-1024x575.jpeg 1024w, https:\/\/www.librerosdecastillayleon.es\/wp-content\/uploads\/WhatsApp-Image-2019-07-25-at-10.59.34-1200x674.jpeg 1200w, https:\/\/www.librerosdecastillayleon.es\/wp-content\/uploads\/WhatsApp-Image-2019-07-25-at-10.59.34.jpeg 1600w\" sizes=\"(max-width: 1600px) 100vw, 1600px\" \/><\/div><\/div><\/div><div class=\"swiper-slide\"><div class=\"fusion-carousel-item-wrapper\"><div class=\"fusion-image-wrapper hover-type-none\"><img decoding=\"async\" width=\"3968\" height=\"2240\" src=\"https:\/\/www.librerosdecastillayleon.es\/wp-content\/uploads\/IMG_20190618_104039.jpg\" class=\"attachment-full size-full\" alt=\"\" srcset=\"https:\/\/www.librerosdecastillayleon.es\/wp-content\/uploads\/IMG_20190618_104039-200x113.jpg 200w, https:\/\/www.librerosdecastillayleon.es\/wp-content\/uploads\/IMG_20190618_104039-300x169.jpg 300w, https:\/\/www.librerosdecastillayleon.es\/wp-content\/uploads\/IMG_20190618_104039-400x226.jpg 400w, https:\/\/www.librerosdecastillayleon.es\/wp-content\/uploads\/IMG_20190618_104039-600x339.jpg 600w, https:\/\/www.librerosdecastillayleon.es\/wp-content\/uploads\/IMG_20190618_104039-768x434.jpg 768w, https:\/\/www.librerosdecastillayleon.es\/wp-content\/uploads\/IMG_20190618_104039-800x452.jpg 800w, https:\/\/www.librerosdecastillayleon.es\/wp-content\/uploads\/IMG_20190618_104039-1024x578.jpg 1024w, https:\/\/www.librerosdecastillayleon.es\/wp-content\/uploads\/IMG_20190618_104039-1200x677.jpg 1200w, https:\/\/www.librerosdecastillayleon.es\/wp-content\/uploads\/IMG_20190618_104039.jpg 3968w\" sizes=\"(max-width: 3968px) 100vw, 3968px\" \/><\/div><\/div><\/div><div class=\"swiper-slide\"><div class=\"fusion-carousel-item-wrapper\"><div class=\"fusion-image-wrapper hover-type-none\"><img decoding=\"async\" width=\"3968\" height=\"2240\" src=\"https:\/\/www.librerosdecastillayleon.es\/wp-content\/uploads\/IMG_20190618_104227.jpg\" class=\"attachment-full size-full\" alt=\"\" srcset=\"https:\/\/www.librerosdecastillayleon.es\/wp-content\/uploads\/IMG_20190618_104227-200x113.jpg 200w, https:\/\/www.librerosdecastillayleon.es\/wp-content\/uploads\/IMG_20190618_104227-300x169.jpg 300w, https:\/\/www.librerosdecastillayleon.es\/wp-content\/uploads\/IMG_20190618_104227-400x226.jpg 400w, https:\/\/www.librerosdecastillayleon.es\/wp-content\/uploads\/IMG_20190618_104227-600x339.jpg 600w, https:\/\/www.librerosdecastillayleon.es\/wp-content\/uploads\/IMG_20190618_104227-768x434.jpg 768w, https:\/\/www.librerosdecastillayleon.es\/wp-content\/uploads\/IMG_20190618_104227-800x452.jpg 800w, https:\/\/www.librerosdecastillayleon.es\/wp-content\/uploads\/IMG_20190618_104227-1024x578.jpg 1024w, https:\/\/www.librerosdecastillayleon.es\/wp-content\/uploads\/IMG_20190618_104227-1200x677.jpg 1200w, https:\/\/www.librerosdecastillayleon.es\/wp-content\/uploads\/IMG_20190618_104227.jpg 3968w\" sizes=\"(max-width: 3968px) 100vw, 3968px\" \/><\/div><\/div><\/div><div class=\"swiper-slide\"><div class=\"fusion-carousel-item-wrapper\"><div class=\"fusion-image-wrapper hover-type-none\"><img decoding=\"async\" width=\"1600\" height=\"898\" src=\"https:\/\/www.librerosdecastillayleon.es\/wp-content\/uploads\/WhatsApp-Image-2019-07-25-at-10.59.51.jpeg\" class=\"attachment-full size-full\" alt=\"\" srcset=\"https:\/\/www.librerosdecastillayleon.es\/wp-content\/uploads\/WhatsApp-Image-2019-07-25-at-10.59.51-200x112.jpeg 200w, https:\/\/www.librerosdecastillayleon.es\/wp-content\/uploads\/WhatsApp-Image-2019-07-25-at-10.59.51-300x168.jpeg 300w, https:\/\/www.librerosdecastillayleon.es\/wp-content\/uploads\/WhatsApp-Image-2019-07-25-at-10.59.51-400x225.jpeg 400w, https:\/\/www.librerosdecastillayleon.es\/wp-content\/uploads\/WhatsApp-Image-2019-07-25-at-10.59.51-600x337.jpeg 600w, https:\/\/www.librerosdecastillayleon.es\/wp-content\/uploads\/WhatsApp-Image-2019-07-25-at-10.59.51-768x431.jpeg 768w, https:\/\/www.librerosdecastillayleon.es\/wp-content\/uploads\/WhatsApp-Image-2019-07-25-at-10.59.51-800x449.jpeg 800w, https:\/\/www.librerosdecastillayleon.es\/wp-content\/uploads\/WhatsApp-Image-2019-07-25-at-10.59.51-1024x575.jpeg 1024w, https:\/\/www.librerosdecastillayleon.es\/wp-content\/uploads\/WhatsApp-Image-2019-07-25-at-10.59.51-1200x674.jpeg 1200w, https:\/\/www.librerosdecastillayleon.es\/wp-content\/uploads\/WhatsApp-Image-2019-07-25-at-10.59.51.jpeg 1600w\" sizes=\"(max-width: 1600px) 100vw, 1600px\" \/><\/div><\/div><\/div><\/div><div class=\"awb-swiper-button awb-swiper-button-prev\"><i class=\"awb-icon-angle-left\" aria-hidden=\"true\"><\/i><\/div><div class=\"awb-swiper-button awb-swiper-button-next\"><i class=\"awb-icon-angle-right\" aria-hidden=\"true\"><\/i><\/div><\/div><\/div><div class=\"fusion-clearfix\"><\/div><\/div><\/div><div class=\"fusion-layout-column fusion_builder_column fusion-builder-column-1 fusion_builder_column_1_2 1_2 fusion-one-half fusion-column-last\" style=\"--awb-bg-size:cover;width:50%;width:calc(50% - ( ( 4% ) * 0.5 ) );\"><div class=\"fusion-column-wrapper fusion-column-has-shadow fusion-flex-column-wrapper-legacy\"><div class=\"fusion-text fusion-text-1\"><h1><strong>Al libro la va el papel y la tierra lo agradece.<\/strong><\/h1>\n<p>El Gremio de Libreros de Castilla y Le\u00f3n ha puesto en marcha una campa\u00f1a de promoci\u00f3n en todas sus librer\u00edas asociadas dentro del marco del d\u00eda internacional libre de bolsas de pl\u00e1stico.<\/p>\n<p>Cuidar nuestro planeta es cosa de todos y desde el Gremio de Libreros\u00a0 de Castilla y Le\u00f3n queremos contribuir sustituyendo las bolsas de pl\u00e1stico por\u00a0 bolsas de papel ecol\u00f3gicas.<\/p>\n<p>Nuestras bolsas ya vuelan por las librer\u00edas de Castilla y Le\u00f3n, no dej\u00e9is\u00a0 pasar esta oportunidad y acercaros a las librer\u00edas asociadas.<\/p>\n<p>Recoge tus libros en estas bolsas de papel y entre todos ayudaremos a proteger nuestro planeta.<\/p>\n<\/div><div class=\"fusion-clearfix\"><\/div><\/div><\/div><\/div><\/div><div class=\"fusion-fullwidth fullwidth-box fusion-builder-row-2 fusion-parallax-fixed nonhundred-percent-fullwidth non-hundred-percent-height-scrolling\" style=\"--awb-border-radius-top-left:0px;--awb-border-radius-top-right:0px;--awb-border-radius-bottom-right:0px;--awb-border-radius-bottom-left:0px;--awb-background-image:url(&quot;https:\/\/www.librerosdecastillayleon.es\/wp-content\/uploads\/flores2-300x200.jpg&quot;);--awb-background-size:cover;--awb-flex-wrap:wrap;background-attachment:fixed;\" ><div class=\"fusion-builder-row fusion-row\"><div class=\"fusion-layout-column fusion_builder_column fusion-builder-column-2 fusion_builder_column_1_1 1_1 fusion-one-full fusion-column-first fusion-column-last\" style=\"--awb-bg-size:cover;\"><div class=\"fusion-column-wrapper fusion-column-has-shadow fusion-flex-column-wrapper-legacy\"><div class=\"fusion-sep-clear\"><\/div><div class=\"fusion-separator fusion-full-width-sep\" style=\"margin-left: auto;margin-right: auto;width:100%;\"><\/div><div class=\"fusion-sep-clear\"><\/div><div class=\"fusion-text fusion-text-2\"><h1 style=\"text-align: left; color: #fff; font-size: 50px !important;\"><strong>La poes\u00eda de la tierra, nunca muere<\/strong><\/h1>\n<h2 style=\"text-align: left; color: #fff; margin-top: -30px; font-size: 30px;\">(John Keats)<\/h2>\n<\/div><div class=\"fusion-sep-clear\"><\/div><div class=\"fusion-separator fusion-full-width-sep\" style=\"margin-left: auto;margin-right: auto;margin-top:100px;margin-bottom:50px;width:100%;\"><\/div><div class=\"fusion-sep-clear\"><\/div><div class=\"fusion-clearfix\"><\/div><\/div><\/div><\/div><\/div><\/p>\n","protected":false},"excerpt":{"rendered":"","protected":false},"author":2,"featured_media":0,"parent":0,"menu_order":0,"comment_status":"closed","ping_status":"closed","template":"100-width.php","meta":{"footnotes":""},"class_list":["post-120","page","type-page","status-publish","hentry"],"yoast_head":"<!-- This site is optimized with the Yoast SEO plugin v27.4 - https:\/\/yoast.com\/product\/yoast-seo-wordpress\/ -->\r\n<title>Promoci\u00f3n - Gremio de Libreros de Castilla y Le\u00f3n<\/title>\r\n<meta name=\"robots\" content=\"index, follow, max-snippet:-1, max-image-preview:large, max-video-preview:-1\" \/>\r\n<link rel=\"canonical\" href=\"https:\/\/www.librerosdecastillayleon.es\/index.php\/promocion\/\" \/>\r\n<meta property=\"og:locale\" content=\"es_ES\" \/>\r\n<meta property=\"og:type\" content=\"article\" \/>\r\n<meta property=\"og:title\" content=\"Promoci\u00f3n - Gremio de Libreros de Castilla y Le\u00f3n\" \/>\r\n<meta property=\"og:url\" content=\"https:\/\/www.librerosdecastillayleon.es\/index.php\/promocion\/\" \/>\r\n<meta property=\"og:site_name\" content=\"Gremio de Libreros de Castilla y Le\u00f3n\" \/>\r\n<meta property=\"article:modified_time\" content=\"2022-08-29T11:44:28+00:00\" \/>\r\n<meta name=\"twitter:card\" content=\"summary_large_image\" \/>\r\n<meta name=\"twitter:label1\" content=\"Tiempo de lectura\" \/>\n\t<meta name=\"twitter:data1\" content=\"5 minutos\" \/>\r\n<script type=\"application\/ld+json\" class=\"yoast-schema-graph\">{\"@context\":\"https:\\\/\\\/schema.org\",\"@graph\":[{\"@type\":\"WebPage\",\"@id\":\"https:\\\/\\\/www.librerosdecastillayleon.es\\\/index.php\\\/promocion\\\/\",\"url\":\"https:\\\/\\\/www.librerosdecastillayleon.es\\\/index.php\\\/promocion\\\/\",\"name\":\"Promoci\u00f3n - Gremio de Libreros de Castilla y Le\u00f3n\",\"isPartOf\":{\"@id\":\"https:\\\/\\\/www.librerosdecastillayleon.es\\\/#website\"},\"datePublished\":\"2019-10-21T08:20:53+00:00\",\"dateModified\":\"2022-08-29T11:44:28+00:00\",\"breadcrumb\":{\"@id\":\"https:\\\/\\\/www.librerosdecastillayleon.es\\\/index.php\\\/promocion\\\/#breadcrumb\"},\"inLanguage\":\"es\",\"potentialAction\":[{\"@type\":\"ReadAction\",\"target\":[\"https:\\\/\\\/www.librerosdecastillayleon.es\\\/index.php\\\/promocion\\\/\"]}]},{\"@type\":\"BreadcrumbList\",\"@id\":\"https:\\\/\\\/www.librerosdecastillayleon.es\\\/index.php\\\/promocion\\\/#breadcrumb\",\"itemListElement\":[{\"@type\":\"ListItem\",\"position\":1,\"name\":\"Portada\",\"item\":\"https:\\\/\\\/www.librerosdecastillayleon.es\\\/\"},{\"@type\":\"ListItem\",\"position\":2,\"name\":\"Promoci\u00f3n\"}]},{\"@type\":\"WebSite\",\"@id\":\"https:\\\/\\\/www.librerosdecastillayleon.es\\\/#website\",\"url\":\"https:\\\/\\\/www.librerosdecastillayleon.es\\\/\",\"name\":\"Gremio de Libreros de Castilla y Le\u00f3n\",\"description\":\"\",\"potentialAction\":[{\"@type\":\"SearchAction\",\"target\":{\"@type\":\"EntryPoint\",\"urlTemplate\":\"https:\\\/\\\/www.librerosdecastillayleon.es\\\/?s={search_term_string}\"},\"query-input\":{\"@type\":\"PropertyValueSpecification\",\"valueRequired\":true,\"valueName\":\"search_term_string\"}}],\"inLanguage\":\"es\"}]}<\/script>\r\n<!-- \/ Yoast SEO plugin. -->","yoast_head_json":{"title":"Promoci\u00f3n - Gremio de Libreros de Castilla y Le\u00f3n","robots":{"index":"index","follow":"follow","max-snippet":"max-snippet:-1","max-image-preview":"max-image-preview:large","max-video-preview":"max-video-preview:-1"},"canonical":"https:\/\/www.librerosdecastillayleon.es\/index.php\/promocion\/","og_locale":"es_ES","og_type":"article","og_title":"Promoci\u00f3n - Gremio de Libreros de Castilla y Le\u00f3n","og_url":"https:\/\/www.librerosdecastillayleon.es\/index.php\/promocion\/","og_site_name":"Gremio de Libreros de Castilla y Le\u00f3n","article_modified_time":"2022-08-29T11:44:28+00:00","twitter_card":"summary_large_image","twitter_misc":{"Tiempo de lectura":"5 minutos"},"schema":{"@context":"https:\/\/schema.org","@graph":[{"@type":"WebPage","@id":"https:\/\/www.librerosdecastillayleon.es\/index.php\/promocion\/","url":"https:\/\/www.librerosdecastillayleon.es\/index.php\/promocion\/","name":"Promoci\u00f3n - Gremio de Libreros de Castilla y Le\u00f3n","isPartOf":{"@id":"https:\/\/www.librerosdecastillayleon.es\/#website"},"datePublished":"2019-10-21T08:20:53+00:00","dateModified":"2022-08-29T11:44:28+00:00","breadcrumb":{"@id":"https:\/\/www.librerosdecastillayleon.es\/index.php\/promocion\/#breadcrumb"},"inLanguage":"es","potentialAction":[{"@type":"ReadAction","target":["https:\/\/www.librerosdecastillayleon.es\/index.php\/promocion\/"]}]},{"@type":"BreadcrumbList","@id":"https:\/\/www.librerosdecastillayleon.es\/index.php\/promocion\/#breadcrumb","itemListElement":[{"@type":"ListItem","position":1,"name":"Portada","item":"https:\/\/www.librerosdecastillayleon.es\/"},{"@type":"ListItem","position":2,"name":"Promoci\u00f3n"}]},{"@type":"WebSite","@id":"https:\/\/www.librerosdecastillayleon.es\/#website","url":"https:\/\/www.librerosdecastillayleon.es\/","name":"Gremio de Libreros de Castilla y Le\u00f3n","description":"","potentialAction":[{"@type":"SearchAction","target":{"@type":"EntryPoint","urlTemplate":"https:\/\/www.librerosdecastillayleon.es\/?s={search_term_string}"},"query-input":{"@type":"PropertyValueSpecification","valueRequired":true,"valueName":"search_term_string"}}],"inLanguage":"es"}]}},"_links":{"self":[{"href":"https:\/\/www.librerosdecastillayleon.es\/index.php\/wp-json\/wp\/v2\/pages\/120","targetHints":{"allow":["GET"]}}],"collection":[{"href":"https:\/\/www.librerosdecastillayleon.es\/index.php\/wp-json\/wp\/v2\/pages"}],"about":[{"href":"https:\/\/www.librerosdecastillayleon.es\/index.php\/wp-json\/wp\/v2\/types\/page"}],"author":[{"embeddable":true,"href":"https:\/\/www.librerosdecastillayleon.es\/index.php\/wp-json\/wp\/v2\/users\/2"}],"replies":[{"embeddable":true,"href":"https:\/\/www.librerosdecastillayleon.es\/index.php\/wp-json\/wp\/v2\/comments?post=120"}],"version-history":[{"count":34,"href":"https:\/\/www.librerosdecastillayleon.es\/index.php\/wp-json\/wp\/v2\/pages\/120\/revisions"}],"predecessor-version":[{"id":305,"href":"https:\/\/www.librerosdecastillayleon.es\/index.php\/wp-json\/wp\/v2\/pages\/120\/revisions\/305"}],"wp:attachment":[{"href":"https:\/\/www.librerosdecastillayleon.es\/index.php\/wp-json\/wp\/v2\/media?parent=120"}],"curies":[{"name":"wp","href":"https:\/\/api.w.org\/{rel}","templated":true}]}}