{"id":15,"date":"2017-12-11T13:42:47","date_gmt":"2017-12-11T12:42:47","guid":{"rendered":"https:\/\/www.librerosdecastillayleon.es\/?page_id=15"},"modified":"2024-07-30T11:44:16","modified_gmt":"2024-07-30T09:44:16","slug":"enlaces-de-interes","status":"publish","type":"page","link":"https:\/\/www.librerosdecastillayleon.es\/index.php\/enlaces-de-interes\/","title":{"rendered":"Enlaces de inter\u00e9s"},"content":{"rendered":"<p><div class=\"fusion-fullwidth fullwidth-box fusion-builder-row-1 nonhundred-percent-fullwidth non-hundred-percent-height-scrolling\" style=\"--awb-border-radius-top-left:0px;--awb-border-radius-top-right:0px;--awb-border-radius-bottom-right:0px;--awb-border-radius-bottom-left:0px;--awb-flex-wrap:wrap;\" ><div class=\"fusion-builder-row fusion-row\"><div class=\"fusion-layout-column fusion_builder_column fusion-builder-column-0 fusion_builder_column_1_1 1_1 fusion-one-full fusion-column-first fusion-column-last\" style=\"--awb-padding-top:40px;--awb-padding-right:40px;--awb-padding-bottom:40px;--awb-padding-left:40px;--awb-bg-color:#f6f6f6;--awb-bg-color-hover:#f6f6f6;--awb-bg-size:cover;\"><div class=\"fusion-column-wrapper fusion-flex-column-wrapper-legacy\"><div class=\"fusion-text fusion-text-1\"><p style=\"font-size: 18px; margin-bottom: 12px; text-align: left;\"><span style=\"color: #333333;\"><strong>Para no perderse<\/strong><\/span><\/p>\n<p style=\"font-size: 17px; line-height: 27px; margin-bottom: 0px; text-align: left;\">Bajo estas l\u00edneas, le ofrecemos una selecci\u00f3n de enlaces de diversos organismos p\u00fablicos y privados relacionados estrechamente con nuestro sector y que confiamos puedan ser de su inter\u00e9s.<\/p>\n<\/div><div class=\"fusion-clearfix\"><\/div><\/div><\/div><\/div><\/div><div class=\"fusion-fullwidth fullwidth-box fusion-builder-row-2 nonhundred-percent-fullwidth non-hundred-percent-height-scrolling fusion-equal-height-columns\" style=\"--awb-border-radius-top-left:0px;--awb-border-radius-top-right:0px;--awb-border-radius-bottom-right:0px;--awb-border-radius-bottom-left:0px;--awb-margin-top:20px;--awb-flex-wrap:wrap;\" ><div class=\"fusion-builder-row fusion-row\"><div class=\"fusion-layout-column fusion_builder_column fusion-builder-column-1 fusion_builder_column_1_4 1_4 fusion-one-fourth fusion-column-first\" style=\"--awb-padding-bottom:5px;--awb-bg-size:cover;width:25%;width:calc(25% - ( ( 4% + 4% + 4% ) * 0.25 ) );margin-right: 4%;\"><div class=\"fusion-column-wrapper fusion-flex-column-wrapper-legacy\"><div class=\"fusion-image-element in-legacy-container\" style=\"--awb-caption-title-font-family:var(--h2_typography-font-family);--awb-caption-title-font-weight:var(--h2_typography-font-weight);--awb-caption-title-font-style:var(--h2_typography-font-style);--awb-caption-title-size:var(--h2_typography-font-size);--awb-caption-title-transform:var(--h2_typography-text-transform);--awb-caption-title-line-height:var(--h2_typography-line-height);--awb-caption-title-letter-spacing:var(--h2_typography-letter-spacing);\"><span class=\" fusion-imageframe imageframe-none imageframe-1 hover-type-none\"><a class=\"fusion-no-lightbox\" href=\"http:\/\/www.cegal.es\/\" target=\"_blank\" rel=\"noopener noreferrer\"><img decoding=\"async\" src=\"https:\/\/www.librerosdecastillayleon.es\/wp-content\/uploads\/cegal.png\" alt class=\"img-responsive\"\/><\/a><\/span><\/div><div class=\"fusion-reading-box-container reading-box-container-1\" style=\"--awb-title-color:#333333;--awb-margin-top:0px;--awb-margin-bottom:20px;\"><div class=\"reading-box\" style=\"background-color:#f6f6f6;border-width:1px;border-color:#f6f6f6;border-top-width:3px;border-top-color:var(--primary_color);border-style:solid;\"><div class=\"fusion-reading-box-flex\"><h2>Confederaci\u00f3n Espa\u00f1ola de Gremios y Asoc. de Libreros<\/h2><\/div><\/div><\/div><div class=\"fusion-clearfix\"><\/div><\/div><\/div><div class=\"fusion-layout-column fusion_builder_column fusion-builder-column-2 fusion_builder_column_1_4 1_4 fusion-one-fourth\" style=\"--awb-bg-size:cover;width:25%;width:calc(25% - ( ( 4% + 4% + 4% ) * 0.25 ) );margin-right: 4%;\"><div class=\"fusion-column-wrapper fusion-flex-column-wrapper-legacy\"><div class=\"fusion-image-element in-legacy-container\" style=\"--awb-caption-title-font-family:var(--h2_typography-font-family);--awb-caption-title-font-weight:var(--h2_typography-font-weight);--awb-caption-title-font-style:var(--h2_typography-font-style);--awb-caption-title-size:var(--h2_typography-font-size);--awb-caption-title-transform:var(--h2_typography-text-transform);--awb-caption-title-line-height:var(--h2_typography-line-height);--awb-caption-title-letter-spacing:var(--h2_typography-letter-spacing);\"><span class=\" fusion-imageframe imageframe-none imageframe-2 hover-type-none\"><a class=\"fusion-no-lightbox\" href=\"http:\/\/www.mecd.gob.es\/portada-mecd\/\" target=\"_blank\" rel=\"noopener noreferrer\"><img decoding=\"async\" src=\"https:\/\/www.librerosdecastillayleon.es\/wp-content\/uploads\/mecd.png\" alt class=\"img-responsive\"\/><\/a><\/span><\/div><div class=\"fusion-reading-box-container reading-box-container-2\" style=\"--awb-title-color:#333333;--awb-margin-top:0px;--awb-margin-bottom:20px;\"><div class=\"reading-box\" style=\"background-color:#f6f6f6;border-width:1px;border-color:#f6f6f6;border-top-width:3px;border-top-color:var(--primary_color);border-style:solid;\"><div class=\"fusion-reading-box-flex\"><h2>Ministerio de Educaci\u00f3n Cultura y Deporte<\/h2><\/div><\/div><\/div><div class=\"fusion-clearfix\"><\/div><\/div><\/div><div class=\"fusion-layout-column fusion_builder_column fusion-builder-column-3 fusion_builder_column_1_4 1_4 fusion-one-fourth\" style=\"--awb-bg-size:cover;width:25%;width:calc(25% - ( ( 4% + 4% + 4% ) * 0.25 ) );margin-right: 4%;\"><div class=\"fusion-column-wrapper fusion-flex-column-wrapper-legacy\"><div class=\"fusion-image-element in-legacy-container\" style=\"--awb-caption-title-font-family:var(--h2_typography-font-family);--awb-caption-title-font-weight:var(--h2_typography-font-weight);--awb-caption-title-font-style:var(--h2_typography-font-style);--awb-caption-title-size:var(--h2_typography-font-size);--awb-caption-title-transform:var(--h2_typography-text-transform);--awb-caption-title-line-height:var(--h2_typography-line-height);--awb-caption-title-letter-spacing:var(--h2_typography-letter-spacing);\"><span class=\" fusion-imageframe imageframe-none imageframe-3 hover-type-none\"><a class=\"fusion-no-lightbox\" href=\"http:\/\/www.cultura.jcyl.es\/\" target=\"_blank\" rel=\"noopener noreferrer\"><img decoding=\"async\" src=\"https:\/\/www.librerosdecastillayleon.es\/wp-content\/uploads\/jcyl.png\" alt class=\"img-responsive\"\/><\/a><\/span><\/div><div class=\"fusion-reading-box-container reading-box-container-3\" style=\"--awb-title-color:#333333;--awb-margin-top:0px;--awb-margin-bottom:20px;\"><div class=\"reading-box\" style=\"background-color:#f6f6f6;border-width:1px;border-color:#f6f6f6;border-top-width:3px;border-top-color:var(--primary_color);border-style:solid;\"><div class=\"fusion-reading-box-flex\"><h2>Consejer\u00eda de Cultura y Turismo de Castilla y Le\u00f3n<\/h2><\/div><\/div><\/div><div class=\"fusion-clearfix\"><\/div><\/div><\/div><div class=\"fusion-layout-column fusion_builder_column fusion-builder-column-4 fusion_builder_column_1_4 1_4 fusion-one-fourth fusion-column-last\" style=\"--awb-bg-size:cover;width:25%;width:calc(25% - ( ( 4% + 4% + 4% ) * 0.25 ) );\"><div class=\"fusion-column-wrapper fusion-flex-column-wrapper-legacy\"><div class=\"fusion-image-element in-legacy-container\" style=\"--awb-caption-title-font-family:var(--h2_typography-font-family);--awb-caption-title-font-weight:var(--h2_typography-font-weight);--awb-caption-title-font-style:var(--h2_typography-font-style);--awb-caption-title-size:var(--h2_typography-font-size);--awb-caption-title-transform:var(--h2_typography-text-transform);--awb-caption-title-line-height:var(--h2_typography-line-height);--awb-caption-title-letter-spacing:var(--h2_typography-letter-spacing);\"><span class=\" fusion-imageframe imageframe-none imageframe-4 hover-type-none\"><a class=\"fusion-no-lightbox\" href=\"http:\/\/www.boe.es\/\" target=\"_blank\" rel=\"noopener noreferrer\"><img decoding=\"async\" src=\"https:\/\/www.librerosdecastillayleon.es\/wp-content\/uploads\/boe.png\" alt class=\"img-responsive\"\/><\/a><\/span><\/div><div class=\"fusion-reading-box-container reading-box-container-4\" style=\"--awb-title-color:#333333;--awb-margin-top:0px;--awb-margin-bottom:20px;\"><div class=\"reading-box\" style=\"background-color:#f6f6f6;border-width:1px;border-color:#f6f6f6;border-top-width:3px;border-top-color:var(--primary_color);border-style:solid;\"><div class=\"fusion-reading-box-flex\"><h2>Sede electr\u00f3nica del Bolet\u00edn Oficial del Estado<\/h2><\/div><\/div><\/div><div class=\"fusion-clearfix\"><\/div><\/div><\/div><div class=\"fusion-layout-column fusion_builder_column fusion-builder-column-5 fusion_builder_column_1_4 1_4 fusion-one-fourth fusion-column-first\" style=\"--awb-bg-size:cover;width:22%; margin-right: 4%;\"><div class=\"fusion-column-wrapper fusion-flex-column-wrapper-legacy\"><div class=\"fusion-image-element in-legacy-container\" style=\"--awb-caption-title-font-family:var(--h2_typography-font-family);--awb-caption-title-font-weight:var(--h2_typography-font-weight);--awb-caption-title-font-style:var(--h2_typography-font-style);--awb-caption-title-size:var(--h2_typography-font-size);--awb-caption-title-transform:var(--h2_typography-text-transform);--awb-caption-title-line-height:var(--h2_typography-line-height);--awb-caption-title-letter-spacing:var(--h2_typography-letter-spacing);\"><span class=\" fusion-imageframe imageframe-none imageframe-5 hover-type-none\"><a class=\"fusion-no-lightbox\" href=\"http:\/\/bocyl.jcyl.es\/\" target=\"_blank\" rel=\"noopener noreferrer\"><img decoding=\"async\" src=\"https:\/\/www.librerosdecastillayleon.es\/wp-content\/uploads\/bocyl.png\" alt class=\"img-responsive\"\/><\/a><\/span><\/div><div class=\"fusion-reading-box-container reading-box-container-5\" style=\"--awb-title-color:#333333;--awb-margin-top:0px;--awb-margin-bottom:20px;\"><div class=\"reading-box\" style=\"background-color:#f6f6f6;border-width:1px;border-color:#f6f6f6;border-top-width:3px;border-top-color:var(--primary_color);border-style:solid;\"><div class=\"fusion-reading-box-flex\"><h2>Sede Electr\u00f3nica del Bolet\u00edn Oficial de Castilla y Le\u00f3n<\/h2><\/div><\/div><\/div><div class=\"fusion-clearfix\"><\/div><\/div><\/div><div class=\"fusion-layout-column fusion_builder_column fusion-builder-column-6 fusion_builder_column_1_4 1_4 fusion-one-fourth\" style=\"--awb-bg-size:cover;width:22%; margin-right: 4%;\"><div class=\"fusion-column-wrapper fusion-flex-column-wrapper-legacy\"><div class=\"fusion-image-element in-legacy-container\" style=\"--awb-caption-title-font-family:var(--h2_typography-font-family);--awb-caption-title-font-weight:var(--h2_typography-font-weight);--awb-caption-title-font-style:var(--h2_typography-font-style);--awb-caption-title-size:var(--h2_typography-font-size);--awb-caption-title-transform:var(--h2_typography-text-transform);--awb-caption-title-line-height:var(--h2_typography-line-height);--awb-caption-title-letter-spacing:var(--h2_typography-letter-spacing);\"><span class=\" fusion-imageframe imageframe-none imageframe-6 hover-type-none\"><a class=\"fusion-no-lightbox\" href=\"https:\/\/www.librerosdecastillayleon.es\/referentecultural\/\" target=\"_blank\" rel=\"noopener noreferrer\"><img decoding=\"async\" src=\"https:\/\/www.librerosdecastillayleon.es\/wp-content\/uploads\/referente_cultural.png\" alt class=\"img-responsive\"\/><\/a><\/span><\/div><div class=\"fusion-reading-box-container reading-box-container-6\" style=\"--awb-title-color:#333333;--awb-margin-top:0px;--awb-margin-bottom:20px;\"><div class=\"reading-box\" style=\"background-color:#f6f6f6;border-width:1px;border-color:#f6f6f6;border-top-width:3px;border-top-color:var(--primary_color);border-style:solid;\"><div class=\"fusion-reading-box-flex\"><h2>Sello de Referencia Cultural para Librer\u00edas<\/h2><\/div><\/div><\/div><div class=\"fusion-clearfix\"><\/div><\/div><\/div><\/div><\/div><div class=\"fusion-fullwidth fullwidth-box fusion-builder-row-3 fusion-parallax-fixed nonhundred-percent-fullwidth non-hundred-percent-height-scrolling\" style=\"--awb-border-radius-top-left:0px;--awb-border-radius-top-right:0px;--awb-border-radius-bottom-right:0px;--awb-border-radius-bottom-left:0px;--awb-background-color:#ffffff;--awb-background-image:url(&quot;https:\/\/www.librerosdecastillayleon.es\/wp-content\/uploads\/parallax-2.jpg&quot;);--awb-background-size:cover;--awb-flex-wrap:wrap;background-attachment:fixed;\" ><div class=\"fusion-builder-row fusion-row\"><div class=\"fusion-layout-column fusion_builder_column fusion-builder-column-7 fusion_builder_column_1_1 1_1 fusion-one-full fusion-column-first fusion-column-last fusion-column-no-min-height\" style=\"--awb-bg-size:cover;--awb-margin-bottom:0px;\"><div class=\"fusion-column-wrapper fusion-flex-column-wrapper-legacy\"><div class=\"fusion-text fusion-text-2\"><h1 style=\"text-align: left; font-size: 50px !important;\">En cada lector futuro,<br \/>\nel escritor <span style=\"color: #e10707;\">renace<\/span><\/h1>\n<h2 style=\"text-align: left; margin-top: -10px; font-size: 30px;\">(Julio Ram\u00f3n Ribeyro)<\/h2>\n<\/div><div class=\"fusion-sep-clear\"><\/div><div class=\"fusion-separator fusion-full-width-sep\" style=\"margin-left: auto;margin-right: auto;margin-top:20px;width:100%;\"><\/div><div class=\"fusion-sep-clear\"><\/div><div class=\"fusion-clearfix\"><\/div><\/div><\/div><div class=\"fusion-layout-column fusion_builder_column fusion-builder-column-8 fusion_builder_column_1_1 1_1 fusion-one-full fusion-column-first fusion-column-last fusion-column-no-min-height\" style=\"--awb-bg-size:cover;--awb-margin-bottom:0px;\"><div class=\"fusion-column-wrapper fusion-flex-column-wrapper-legacy\"><div class=\"fusion-text fusion-text-3\"><p><img decoding=\"async\" src=\"https:\/\/www.librerosdecastillayleon.es\/wp-content\/uploads\/transparent.png\" alt=\"lightbox title\" \/><\/p>\n<\/div><div class=\"fusion-clearfix\"><\/div><\/div><\/div><\/div><\/div><\/p>\n","protected":false},"excerpt":{"rendered":"","protected":false},"author":2,"featured_media":0,"parent":0,"menu_order":0,"comment_status":"closed","ping_status":"closed","template":"100-width.php","meta":{"footnotes":""},"class_list":["post-15","page","type-page","status-publish","hentry"],"yoast_head":"<!-- This site is optimized with the Yoast SEO plugin v27.4 - https:\/\/yoast.com\/product\/yoast-seo-wordpress\/ -->\r\n<title>Enlaces de inter\u00e9s - Gremio de Libreros de Castilla y Le\u00f3n<\/title>\r\n<meta name=\"robots\" content=\"index, follow, max-snippet:-1, max-image-preview:large, max-video-preview:-1\" \/>\r\n<link rel=\"canonical\" href=\"https:\/\/www.librerosdecastillayleon.es\/index.php\/enlaces-de-interes\/\" \/>\r\n<meta property=\"og:locale\" content=\"es_ES\" \/>\r\n<meta property=\"og:type\" content=\"article\" \/>\r\n<meta property=\"og:title\" content=\"Enlaces de inter\u00e9s - Gremio de Libreros de Castilla y Le\u00f3n\" \/>\r\n<meta property=\"og:url\" content=\"https:\/\/www.librerosdecastillayleon.es\/index.php\/enlaces-de-interes\/\" \/>\r\n<meta property=\"og:site_name\" content=\"Gremio de Libreros de Castilla y Le\u00f3n\" \/>\r\n<meta property=\"article:modified_time\" content=\"2024-07-30T09:44:16+00:00\" \/>\r\n<meta property=\"og:image\" content=\"https:\/\/www.librerosdecastillayleon.es\/wp-content\/uploads\/transparent.png\" \/>\r\n<meta name=\"twitter:card\" content=\"summary_large_image\" \/>\r\n<meta name=\"twitter:label1\" content=\"Tiempo de lectura\" \/>\n\t<meta name=\"twitter:data1\" content=\"6 minutos\" \/>\r\n<script type=\"application\/ld+json\" class=\"yoast-schema-graph\">{\"@context\":\"https:\\\/\\\/schema.org\",\"@graph\":[{\"@type\":\"WebPage\",\"@id\":\"https:\\\/\\\/www.librerosdecastillayleon.es\\\/index.php\\\/enlaces-de-interes\\\/\",\"url\":\"https:\\\/\\\/www.librerosdecastillayleon.es\\\/index.php\\\/enlaces-de-interes\\\/\",\"name\":\"Enlaces de inter\u00e9s - Gremio de Libreros de Castilla y Le\u00f3n\",\"isPartOf\":{\"@id\":\"https:\\\/\\\/www.librerosdecastillayleon.es\\\/#website\"},\"primaryImageOfPage\":{\"@id\":\"https:\\\/\\\/www.librerosdecastillayleon.es\\\/index.php\\\/enlaces-de-interes\\\/#primaryimage\"},\"image\":{\"@id\":\"https:\\\/\\\/www.librerosdecastillayleon.es\\\/index.php\\\/enlaces-de-interes\\\/#primaryimage\"},\"thumbnailUrl\":\"https:\\\/\\\/www.librerosdecastillayleon.es\\\/wp-content\\\/uploads\\\/transparent.png\",\"datePublished\":\"2017-12-11T12:42:47+00:00\",\"dateModified\":\"2024-07-30T09:44:16+00:00\",\"breadcrumb\":{\"@id\":\"https:\\\/\\\/www.librerosdecastillayleon.es\\\/index.php\\\/enlaces-de-interes\\\/#breadcrumb\"},\"inLanguage\":\"es\",\"potentialAction\":[{\"@type\":\"ReadAction\",\"target\":[\"https:\\\/\\\/www.librerosdecastillayleon.es\\\/index.php\\\/enlaces-de-interes\\\/\"]}]},{\"@type\":\"ImageObject\",\"inLanguage\":\"es\",\"@id\":\"https:\\\/\\\/www.librerosdecastillayleon.es\\\/index.php\\\/enlaces-de-interes\\\/#primaryimage\",\"url\":\"https:\\\/\\\/www.librerosdecastillayleon.es\\\/wp-content\\\/uploads\\\/transparent.png\",\"contentUrl\":\"https:\\\/\\\/www.librerosdecastillayleon.es\\\/wp-content\\\/uploads\\\/transparent.png\"},{\"@type\":\"BreadcrumbList\",\"@id\":\"https:\\\/\\\/www.librerosdecastillayleon.es\\\/index.php\\\/enlaces-de-interes\\\/#breadcrumb\",\"itemListElement\":[{\"@type\":\"ListItem\",\"position\":1,\"name\":\"Portada\",\"item\":\"https:\\\/\\\/www.librerosdecastillayleon.es\\\/\"},{\"@type\":\"ListItem\",\"position\":2,\"name\":\"Enlaces de inter\u00e9s\"}]},{\"@type\":\"WebSite\",\"@id\":\"https:\\\/\\\/www.librerosdecastillayleon.es\\\/#website\",\"url\":\"https:\\\/\\\/www.librerosdecastillayleon.es\\\/\",\"name\":\"Gremio de Libreros de Castilla y Le\u00f3n\",\"description\":\"\",\"potentialAction\":[{\"@type\":\"SearchAction\",\"target\":{\"@type\":\"EntryPoint\",\"urlTemplate\":\"https:\\\/\\\/www.librerosdecastillayleon.es\\\/?s={search_term_string}\"},\"query-input\":{\"@type\":\"PropertyValueSpecification\",\"valueRequired\":true,\"valueName\":\"search_term_string\"}}],\"inLanguage\":\"es\"}]}<\/script>\r\n<!-- \/ Yoast SEO plugin. -->","yoast_head_json":{"title":"Enlaces de inter\u00e9s - Gremio de Libreros de Castilla y Le\u00f3n","robots":{"index":"index","follow":"follow","max-snippet":"max-snippet:-1","max-image-preview":"max-image-preview:large","max-video-preview":"max-video-preview:-1"},"canonical":"https:\/\/www.librerosdecastillayleon.es\/index.php\/enlaces-de-interes\/","og_locale":"es_ES","og_type":"article","og_title":"Enlaces de inter\u00e9s - Gremio de Libreros de Castilla y Le\u00f3n","og_url":"https:\/\/www.librerosdecastillayleon.es\/index.php\/enlaces-de-interes\/","og_site_name":"Gremio de Libreros de Castilla y Le\u00f3n","article_modified_time":"2024-07-30T09:44:16+00:00","og_image":[{"url":"https:\/\/www.librerosdecastillayleon.es\/wp-content\/uploads\/transparent.png","type":"","width":"","height":""}],"twitter_card":"summary_large_image","twitter_misc":{"Tiempo de lectura":"6 minutos"},"schema":{"@context":"https:\/\/schema.org","@graph":[{"@type":"WebPage","@id":"https:\/\/www.librerosdecastillayleon.es\/index.php\/enlaces-de-interes\/","url":"https:\/\/www.librerosdecastillayleon.es\/index.php\/enlaces-de-interes\/","name":"Enlaces de inter\u00e9s - Gremio de Libreros de Castilla y Le\u00f3n","isPartOf":{"@id":"https:\/\/www.librerosdecastillayleon.es\/#website"},"primaryImageOfPage":{"@id":"https:\/\/www.librerosdecastillayleon.es\/index.php\/enlaces-de-interes\/#primaryimage"},"image":{"@id":"https:\/\/www.librerosdecastillayleon.es\/index.php\/enlaces-de-interes\/#primaryimage"},"thumbnailUrl":"https:\/\/www.librerosdecastillayleon.es\/wp-content\/uploads\/transparent.png","datePublished":"2017-12-11T12:42:47+00:00","dateModified":"2024-07-30T09:44:16+00:00","breadcrumb":{"@id":"https:\/\/www.librerosdecastillayleon.es\/index.php\/enlaces-de-interes\/#breadcrumb"},"inLanguage":"es","potentialAction":[{"@type":"ReadAction","target":["https:\/\/www.librerosdecastillayleon.es\/index.php\/enlaces-de-interes\/"]}]},{"@type":"ImageObject","inLanguage":"es","@id":"https:\/\/www.librerosdecastillayleon.es\/index.php\/enlaces-de-interes\/#primaryimage","url":"https:\/\/www.librerosdecastillayleon.es\/wp-content\/uploads\/transparent.png","contentUrl":"https:\/\/www.librerosdecastillayleon.es\/wp-content\/uploads\/transparent.png"},{"@type":"BreadcrumbList","@id":"https:\/\/www.librerosdecastillayleon.es\/index.php\/enlaces-de-interes\/#breadcrumb","itemListElement":[{"@type":"ListItem","position":1,"name":"Portada","item":"https:\/\/www.librerosdecastillayleon.es\/"},{"@type":"ListItem","position":2,"name":"Enlaces de inter\u00e9s"}]},{"@type":"WebSite","@id":"https:\/\/www.librerosdecastillayleon.es\/#website","url":"https:\/\/www.librerosdecastillayleon.es\/","name":"Gremio de Libreros de Castilla y Le\u00f3n","description":"","potentialAction":[{"@type":"SearchAction","target":{"@type":"EntryPoint","urlTemplate":"https:\/\/www.librerosdecastillayleon.es\/?s={search_term_string}"},"query-input":{"@type":"PropertyValueSpecification","valueRequired":true,"valueName":"search_term_string"}}],"inLanguage":"es"}]}},"_links":{"self":[{"href":"https:\/\/www.librerosdecastillayleon.es\/index.php\/wp-json\/wp\/v2\/pages\/15","targetHints":{"allow":["GET"]}}],"collection":[{"href":"https:\/\/www.librerosdecastillayleon.es\/index.php\/wp-json\/wp\/v2\/pages"}],"about":[{"href":"https:\/\/www.librerosdecastillayleon.es\/index.php\/wp-json\/wp\/v2\/types\/page"}],"author":[{"embeddable":true,"href":"https:\/\/www.librerosdecastillayleon.es\/index.php\/wp-json\/wp\/v2\/users\/2"}],"replies":[{"embeddable":true,"href":"https:\/\/www.librerosdecastillayleon.es\/index.php\/wp-json\/wp\/v2\/comments?post=15"}],"version-history":[{"count":5,"href":"https:\/\/www.librerosdecastillayleon.es\/index.php\/wp-json\/wp\/v2\/pages\/15\/revisions"}],"predecessor-version":[{"id":338,"href":"https:\/\/www.librerosdecastillayleon.es\/index.php\/wp-json\/wp\/v2\/pages\/15\/revisions\/338"}],"wp:attachment":[{"href":"https:\/\/www.librerosdecastillayleon.es\/index.php\/wp-json\/wp\/v2\/media?parent=15"}],"curies":[{"name":"wp","href":"https:\/\/api.w.org\/{rel}","templated":true}]}}