{"id":318,"date":"2023-06-05T16:37:27","date_gmt":"2023-06-05T14:37:27","guid":{"rendered":"https:\/\/www.librerosdecastillayleon.es\/?page_id=318"},"modified":"2023-06-05T16:50:21","modified_gmt":"2023-06-05T14:50:21","slug":"politica-de-privacidad","status":"publish","type":"page","link":"https:\/\/www.librerosdecastillayleon.es\/index.php\/politica-de-privacidad\/","title":{"rendered":"Politica de privacidad"},"content":{"rendered":"<div class=\"fusion-fullwidth fullwidth-box fusion-builder-row-1 fusion-flex-container has-pattern-background has-mask-background nonhundred-percent-fullwidth non-hundred-percent-height-scrolling\" style=\"--awb-border-radius-top-left:0px;--awb-border-radius-top-right:0px;--awb-border-radius-bottom-right:0px;--awb-border-radius-bottom-left:0px;--awb-padding-top:0px;--awb-flex-wrap:wrap;\" ><div class=\"fusion-builder-row fusion-row fusion-flex-align-items-flex-start fusion-flex-content-wrap\" style=\"max-width:1144px;margin-left: calc(-4% \/ 2 );margin-right: calc(-4% \/ 2 );\"><div class=\"fusion-layout-column fusion_builder_column fusion-builder-column-0 fusion_builder_column_1_1 1_1 fusion-flex-column\" style=\"--awb-bg-size:cover;--awb-width-large:100%;--awb-margin-top-large:0px;--awb-spacing-right-large:1.92%;--awb-margin-bottom-large:20px;--awb-spacing-left-large:1.92%;--awb-width-medium:100%;--awb-order-medium:0;--awb-spacing-right-medium:1.92%;--awb-spacing-left-medium:1.92%;--awb-width-small:100%;--awb-order-small:0;--awb-spacing-right-small:1.92%;--awb-spacing-left-small:1.92%;\"><div class=\"fusion-column-wrapper fusion-column-has-shadow fusion-flex-justify-content-flex-start fusion-content-layout-column\"><div class=\"fusion-text fusion-text-1\"><div class=\"elementor-element elementor-element-6f0b90d elementor-widget elementor-widget-heading\" data-id=\"6f0b90d\" data-element_type=\"widget\" data-widget_type=\"heading.default\">\n<div class=\"elementor-widget-container\">\n<h1 class=\"elementor-heading-title elementor-size-default\"><strong>Pol\u00edtica de privacidad<\/strong><\/h1>\n<\/div>\n<\/div>\n<div class=\"elementor-element elementor-element-149d6f8 elementor-widget elementor-widget-text-editor\" data-id=\"149d6f8\" data-element_type=\"widget\" data-widget_type=\"text-editor.default\">\n<div class=\"elementor-widget-container\">\n<section data-id=\"d9887a7\" data-element_type=\"section\">\n<div data-id=\"5ea90f2\" data-element_type=\"column\">\n<div data-id=\"9974843\" data-element_type=\"widget\" data-widget_type=\"text-editor.default\">\n<div>&nbsp;<\/div>\n<\/div>\n<\/div>\n<\/section>\n<section data-id=\"aadb55e\" data-element_type=\"section\">\n<div data-id=\"18bdc42\" data-element_type=\"column\">\n<div data-id=\"2fbc318\" data-element_type=\"widget\" data-widget_type=\"text-editor.default\">\n<div class=\"elementor-text-editor elementor-clearfix\">\n<h2>Datos del responsable del tratamiento<\/h2>\n<\/div>\n<p>Raz\u00f3n Social: ASOCIACI\u00d3N DE LIBREROS DE CASTILLA Y LE\u00d3N<\/p>\n<p>NIF: NIF G09517988<\/p>\n<p>Domicilio: Avda. Castilla y Le\u00f3n 22 \u2013 C.C. Camino de la Plata, 09006 \u2013 Burgos<\/p>\n<p>Email: <a href=\"mailto:info@librerosdecastillayleon.es\">info@librerosdecastillayleon.es<\/a>.<\/p>\n<p>P\u00e1gina web: www.librerosdecastillayleon.es<\/p>\n<p>Delegado de Protecci\u00f3n de Datos: dpd@data-consulting.es<\/p>\n<h2>Normativa aplicable<\/h2>\n<p>Nuestra Pol\u00edtica de Privacidad se ha dise\u00f1ado de acuerdo con el Reglamento General de Protecci\u00f3n de Datos de la UE 2016\/679 del Parlamento Europeo y del Consejo, de 27 de abril de 2016, relativo a la protecci\u00f3n de las personas f\u00edsicas en lo que respecta al tratamiento de datos personales y a la libre circulaci\u00f3n de estos datos y por el que se deroga la Directiva 95\/46\/CE (Reglamento general de protecci\u00f3n de datos), con la Ley Org\u00e1nica 3\/2018, de 5 de diciembre, de Protecci\u00f3n de Datos Personales y garant\u00eda de los derechos digitales, y su normativa de desarrollo.<\/p>\n<p>La empresa podr\u00e1 modificar la presente pol\u00edtica de privacidad para adaptarla a las novedades legislativas, jurisprudenciales o de interpretaci\u00f3n de la Agencia Espa\u00f1ola de Protecci\u00f3n de Datos. Estas condiciones de privacidad podr\u00e1n ser complementadas por el Aviso Legal, Pol\u00edtica de Cookies y las Condiciones Generales que, en su caso, se recojan para la venta de determinados productos o servicios, si dicho acceso supone alguna especialidad en materia de protecci\u00f3n de datos de car\u00e1cter personal.<\/p>\n<h2>Finalidad del tratamiento de los datos personales<\/h2>\n<p>El tratamiento que realizamos de sus datos personales responde a las siguientes finalidades:<\/p>\n<ul>\n<li>Gestionar lo solicitado por usted a trav\u00e9s del formulario de contacto.<\/li>\n<li>Remitirle comunicaciones informativas en base a nuestra relaci\u00f3n contractual previa&nbsp;<strong>o a su consentimiento expreso.<\/strong><\/li>\n<\/ul>\n<h2>Legitimaci\u00f3n para tratar los datos recabados<\/h2>\n<ul>\n<li>Formulario de contacto: La legitimaci\u00f3n para el tratamiento de sus datos es su consentimiento expreso en el momento de facilitarnos la informaci\u00f3n, manifestado a trav\u00e9s de la marcaci\u00f3n de la casilla de aceptaci\u00f3n correspondiente.<\/li>\n<li>Env\u00edo de comunicaciones comerciales: La base jur\u00eddica es el inter\u00e9s leg\u00edtimo existente, en base a nuestra relaci\u00f3n contractual previa. Adem\u00e1s, ser\u00e1 el consentimiento si ha marcado la casilla correspondiente para este env\u00edo en nuestra web.<\/li>\n<\/ul>\n<h2>\u00bfPor cu\u00e1nto tiempo conservaremos sus datos?<\/h2>\n<ul>\n<li>Formulario de contacto: Conservaremos sus datos personales desde que nos d\u00e9 su consentimiento hasta que lo revoque o bien solicite la limitaci\u00f3n del tratamiento. En tales casos, mantendremos sus datos de manera bloqueada durante los plazos legalmente exigidos.<\/li>\n<li>Env\u00edo de comunicaciones comerciales: Conservaremos sus datos personales para este tratamiento mientras no se oponga al mismo (si es usted ya cliente)&nbsp;<strong>o retire su consentimiento para este env\u00edo.<\/strong><\/li>\n<\/ul>\n<h2>Cesiones<\/h2>\n<p>Sus datos no ser\u00e1n cedidos, salvo:<\/p>\n<ul>\n<li>Cumplimiento de obligaciones legales.<\/li>\n<li>A otras entidades para gestionar el servicio solicitado por el interesado.<\/li>\n<\/ul>\n<h2>Transferencias internacionales<\/h2>\n<p>No se llevar\u00e1n a cabo transferencias internacionales.<\/p>\n<h2>Medidas de seguridad<\/h2>\n<p>Dentro de nuestro compromiso por garantizar la seguridad y confidencialidad de sus datos de car\u00e1cter personal, le informamos que se han adoptado las medidas de \u00edndole t\u00e9cnica y organizativas necesarias para garantizar la seguridad de los datos de car\u00e1cter personal y evitar su alteraci\u00f3n, p\u00e9rdida, tratamiento o acceso no autorizado, habida cuenta del estado de la tecnolog\u00eda, la naturaleza de los datos almacenados y los riesgos a que est\u00e9n expuestos. No obstante, lo anterior, el usuario debe ser consciente de que las medidas de seguridad en Internet no son inexpugnables.<\/p>\n<p>Usted puede obtener m\u00e1s informaci\u00f3n sobre las medidas de seguridad que aplicamos contactando con nosotros en los canales indicados al inicio de la presente Pol\u00edtica de Privacidad en el apartado de identificaci\u00f3n del Responsable del tratamiento.<\/p>\n<h2>Derechos del Interesado&nbsp;<\/h2>\n<p>El interesado tiene los siguientes derechos en cuanto al tratamiento de sus datos personales, y podr\u00e1 ejercitar los mismos dirigi\u00e9ndose ante el Responsable del Tratamiento:<\/p>\n<ul>\n<li>Si la base jur\u00eddica de su tratamiento es el consentimiento, derecho a retirarlo en cualquier momento, sin que esto pueda afectar al tratamiento previo a su retirada.<\/li>\n<li>Derecho a solicitar el acceso a sus datos personales.<\/li>\n<li>Derecho a solicitar su rectificaci\u00f3n si son inexactos, o bien solicitar su supresi\u00f3n (por ejemplo, si considera que ya no son necesarios para los fines que fueron recogidos).<\/li>\n<li>Derecho a solicitar la limitaci\u00f3n de su tratamiento, siempre que se cumpla alguna de las condiciones previstas en la normativa, en cuyo caso \u00fanicamente los conservaremos para el ejercicio o la defensa de reclamaciones.<\/li>\n<li>Derecho a oponerse al tratamiento, por ejemplo, en cuanto a las comunicaciones informativas por nuestra parte, en cuyo caso dejaremos de tratar sus datos para esa finalidad, salvo por motivos leg\u00edtimos imperiosos, o el ejercicio o la defensa de posibles reclamaciones.<\/li>\n<li>Derecho a la portabilidad de los datos.<\/li>\n<li>Derecho a presentar una reclamaci\u00f3n ante la Agencia Espa\u00f1ola de Protecci\u00f3n de Datos (autoridad de control en materia de Protecci\u00f3n de Datos competente), especialmente cuando no haya obtenido satisfacci\u00f3n en el ejercicio de sus derechos:&nbsp;<a href=\"http:\/\/www.aepd.es\/\">aepd.es<\/a>.<\/li>\n<\/ul>\n<\/div>\n<\/div>\n<\/section>\n<\/div>\n<\/div>\n<\/div><\/div><\/div><\/div><\/div>\n","protected":false},"excerpt":{"rendered":"","protected":false},"author":2,"featured_media":0,"parent":0,"menu_order":0,"comment_status":"closed","ping_status":"closed","template":"","meta":{"footnotes":""},"class_list":["post-318","page","type-page","status-publish","hentry"],"yoast_head":"<!-- This site is optimized with the Yoast SEO plugin v27.4 - https:\/\/yoast.com\/product\/yoast-seo-wordpress\/ -->\r\n<title>Politica de privacidad - Gremio de Libreros de Castilla y Le\u00f3n<\/title>\r\n<meta name=\"robots\" content=\"index, follow, max-snippet:-1, max-image-preview:large, max-video-preview:-1\" \/>\r\n<link rel=\"canonical\" href=\"https:\/\/www.librerosdecastillayleon.es\/index.php\/politica-de-privacidad\/\" \/>\r\n<meta property=\"og:locale\" content=\"es_ES\" \/>\r\n<meta property=\"og:type\" content=\"article\" \/>\r\n<meta property=\"og:title\" content=\"Politica de privacidad - Gremio de Libreros de Castilla y Le\u00f3n\" \/>\r\n<meta property=\"og:url\" content=\"https:\/\/www.librerosdecastillayleon.es\/index.php\/politica-de-privacidad\/\" \/>\r\n<meta property=\"og:site_name\" content=\"Gremio de Libreros de Castilla y Le\u00f3n\" \/>\r\n<meta property=\"article:modified_time\" content=\"2023-06-05T14:50:21+00:00\" \/>\r\n<meta name=\"twitter:card\" content=\"summary_large_image\" \/>\r\n<script type=\"application\/ld+json\" class=\"yoast-schema-graph\">{\"@context\":\"https:\\\/\\\/schema.org\",\"@graph\":[{\"@type\":\"WebPage\",\"@id\":\"https:\\\/\\\/www.librerosdecastillayleon.es\\\/index.php\\\/politica-de-privacidad\\\/\",\"url\":\"https:\\\/\\\/www.librerosdecastillayleon.es\\\/index.php\\\/politica-de-privacidad\\\/\",\"name\":\"Politica de privacidad - Gremio de Libreros de Castilla y Le\u00f3n\",\"isPartOf\":{\"@id\":\"https:\\\/\\\/www.librerosdecastillayleon.es\\\/#website\"},\"datePublished\":\"2023-06-05T14:37:27+00:00\",\"dateModified\":\"2023-06-05T14:50:21+00:00\",\"breadcrumb\":{\"@id\":\"https:\\\/\\\/www.librerosdecastillayleon.es\\\/index.php\\\/politica-de-privacidad\\\/#breadcrumb\"},\"inLanguage\":\"es\",\"potentialAction\":[{\"@type\":\"ReadAction\",\"target\":[\"https:\\\/\\\/www.librerosdecastillayleon.es\\\/index.php\\\/politica-de-privacidad\\\/\"]}]},{\"@type\":\"BreadcrumbList\",\"@id\":\"https:\\\/\\\/www.librerosdecastillayleon.es\\\/index.php\\\/politica-de-privacidad\\\/#breadcrumb\",\"itemListElement\":[{\"@type\":\"ListItem\",\"position\":1,\"name\":\"Portada\",\"item\":\"https:\\\/\\\/www.librerosdecastillayleon.es\\\/\"},{\"@type\":\"ListItem\",\"position\":2,\"name\":\"Politica de privacidad\"}]},{\"@type\":\"WebSite\",\"@id\":\"https:\\\/\\\/www.librerosdecastillayleon.es\\\/#website\",\"url\":\"https:\\\/\\\/www.librerosdecastillayleon.es\\\/\",\"name\":\"Gremio de Libreros de Castilla y Le\u00f3n\",\"description\":\"\",\"potentialAction\":[{\"@type\":\"SearchAction\",\"target\":{\"@type\":\"EntryPoint\",\"urlTemplate\":\"https:\\\/\\\/www.librerosdecastillayleon.es\\\/?s={search_term_string}\"},\"query-input\":{\"@type\":\"PropertyValueSpecification\",\"valueRequired\":true,\"valueName\":\"search_term_string\"}}],\"inLanguage\":\"es\"}]}<\/script>\r\n<!-- \/ Yoast SEO plugin. -->","yoast_head_json":{"title":"Politica de privacidad - Gremio de Libreros de Castilla y Le\u00f3n","robots":{"index":"index","follow":"follow","max-snippet":"max-snippet:-1","max-image-preview":"max-image-preview:large","max-video-preview":"max-video-preview:-1"},"canonical":"https:\/\/www.librerosdecastillayleon.es\/index.php\/politica-de-privacidad\/","og_locale":"es_ES","og_type":"article","og_title":"Politica de privacidad - Gremio de Libreros de Castilla y Le\u00f3n","og_url":"https:\/\/www.librerosdecastillayleon.es\/index.php\/politica-de-privacidad\/","og_site_name":"Gremio de Libreros de Castilla y Le\u00f3n","article_modified_time":"2023-06-05T14:50:21+00:00","twitter_card":"summary_large_image","schema":{"@context":"https:\/\/schema.org","@graph":[{"@type":"WebPage","@id":"https:\/\/www.librerosdecastillayleon.es\/index.php\/politica-de-privacidad\/","url":"https:\/\/www.librerosdecastillayleon.es\/index.php\/politica-de-privacidad\/","name":"Politica de privacidad - Gremio de Libreros de Castilla y Le\u00f3n","isPartOf":{"@id":"https:\/\/www.librerosdecastillayleon.es\/#website"},"datePublished":"2023-06-05T14:37:27+00:00","dateModified":"2023-06-05T14:50:21+00:00","breadcrumb":{"@id":"https:\/\/www.librerosdecastillayleon.es\/index.php\/politica-de-privacidad\/#breadcrumb"},"inLanguage":"es","potentialAction":[{"@type":"ReadAction","target":["https:\/\/www.librerosdecastillayleon.es\/index.php\/politica-de-privacidad\/"]}]},{"@type":"BreadcrumbList","@id":"https:\/\/www.librerosdecastillayleon.es\/index.php\/politica-de-privacidad\/#breadcrumb","itemListElement":[{"@type":"ListItem","position":1,"name":"Portada","item":"https:\/\/www.librerosdecastillayleon.es\/"},{"@type":"ListItem","position":2,"name":"Politica de privacidad"}]},{"@type":"WebSite","@id":"https:\/\/www.librerosdecastillayleon.es\/#website","url":"https:\/\/www.librerosdecastillayleon.es\/","name":"Gremio de Libreros de Castilla y Le\u00f3n","description":"","potentialAction":[{"@type":"SearchAction","target":{"@type":"EntryPoint","urlTemplate":"https:\/\/www.librerosdecastillayleon.es\/?s={search_term_string}"},"query-input":{"@type":"PropertyValueSpecification","valueRequired":true,"valueName":"search_term_string"}}],"inLanguage":"es"}]}},"_links":{"self":[{"href":"https:\/\/www.librerosdecastillayleon.es\/index.php\/wp-json\/wp\/v2\/pages\/318","targetHints":{"allow":["GET"]}}],"collection":[{"href":"https:\/\/www.librerosdecastillayleon.es\/index.php\/wp-json\/wp\/v2\/pages"}],"about":[{"href":"https:\/\/www.librerosdecastillayleon.es\/index.php\/wp-json\/wp\/v2\/types\/page"}],"author":[{"embeddable":true,"href":"https:\/\/www.librerosdecastillayleon.es\/index.php\/wp-json\/wp\/v2\/users\/2"}],"replies":[{"embeddable":true,"href":"https:\/\/www.librerosdecastillayleon.es\/index.php\/wp-json\/wp\/v2\/comments?post=318"}],"version-history":[{"count":3,"href":"https:\/\/www.librerosdecastillayleon.es\/index.php\/wp-json\/wp\/v2\/pages\/318\/revisions"}],"predecessor-version":[{"id":324,"href":"https:\/\/www.librerosdecastillayleon.es\/index.php\/wp-json\/wp\/v2\/pages\/318\/revisions\/324"}],"wp:attachment":[{"href":"https:\/\/www.librerosdecastillayleon.es\/index.php\/wp-json\/wp\/v2\/media?parent=318"}],"curies":[{"name":"wp","href":"https:\/\/api.w.org\/{rel}","templated":true}]}}